{"id":247,"date":"2024-11-27T15:04:48","date_gmt":"2024-11-27T15:04:48","guid":{"rendered":"https:\/\/wgl-dsites.net\/burido\/?page_id=247"},"modified":"2026-03-06T11:31:02","modified_gmt":"2026-03-06T11:31:02","slug":"apie-mus","status":"publish","type":"page","link":"https:\/\/bioinvesta.lt\/ru\/apie-mus\/","title":{"rendered":"\u041e \u043d\u0430\u0441"},"content":{"rendered":"<div data-elementor-type=\"wp-page\" data-elementor-id=\"247\" class=\"elementor elementor-247\">\n\t\t\t\t<div class=\"elementor-element elementor-element-c8293bb e-con-full e-flex e-con e-parent\" data-id=\"c8293bb\" data-element_type=\"container\" data-e-type=\"container\">\n\t\t\t\t<\/div>\n\t\t<div class=\"elementor-element elementor-element-be20b9f e-flex e-con-boxed e-con e-parent\" data-id=\"be20b9f\" data-element_type=\"container\" data-e-type=\"container\">\n\t\t\t\t\t<div class=\"e-con-inner\">\n\t\t<div class=\"elementor-element elementor-element-fbf53d9 e-con-full e-flex e-con e-child\" data-id=\"fbf53d9\" data-element_type=\"container\" data-e-type=\"container\">\n\t\t\t\t<div class=\"elementor-element elementor-element-2c89d8d aleft elementor-widget elementor-widget-wgl-double-heading\" data-id=\"2c89d8d\" data-element_type=\"widget\" data-e-type=\"widget\" data-widget_type=\"wgl-double-heading.default\">\n\t\t\t\t<div class=\"elementor-widget-container\">\n\t\t\t\t\t<div class=\"wgl-double-heading\"><div class=\"dblh__subtitle\">\u041a\u0442\u043e \u043c\u044b, \u043a\u043e\u043c\u043f\u0430\u043d\u0438\u044f AUGUST?<\/div><\/div>\t\t\t\t<\/div>\n\t\t\t\t<\/div>\n\t\t\t\t<div class=\"elementor-element elementor-element-b60e76c aleft elementor-widget elementor-widget-wgl-text-editor\" data-id=\"b60e76c\" data-element_type=\"widget\" data-e-type=\"widget\" data-settings=\"{&quot;scroll_text_opacity&quot;:{&quot;unit&quot;:&quot;px&quot;,&quot;size&quot;:0.1,&quot;sizes&quot;:[]}}\" data-widget_type=\"wgl-text-editor.default\">\n\t\t\t\t<div class=\"elementor-widget-container\">\n\t\t\t\t\t<div class=\"wgl-text-editor scroll_text_appear appear-opacity\" data-start-percent=\"40\" data-duration-factor=\"2\" data-text-opacity=\"0.1\" data-delay-words=\"3\"><h3 class=\"text-editor_wrapper\"><span>\u041e\u0447\u0438\u0449\u0430\u0435\u043c \u043f\u043b\u0430\u043d\u0435\u0442\u0443 \u0441 1998 \u0433\u043e\u0434\u0430.<\/span><\/h3><\/div>\t\t\t\t<\/div>\n\t\t\t\t<\/div>\n\t\t\t\t<div class=\"elementor-element elementor-element-079496d elementor-widget elementor-widget-spacer\" data-id=\"079496d\" data-element_type=\"widget\" data-e-type=\"widget\" data-widget_type=\"spacer.default\">\n\t\t\t\t\t\t\t<div class=\"elementor-spacer\">\n\t\t\t<div class=\"elementor-spacer-inner\"><\/div>\n\t\t<\/div>\n\t\t\t\t\t\t<\/div>\n\t\t\t\t<\/div>\n\t\t\t\t\t<\/div>\n\t\t\t\t<\/div>\n\t\t<div class=\"elementor-element elementor-element-afc40b2 e-flex e-con-boxed e-con e-parent\" data-id=\"afc40b2\" data-element_type=\"container\" data-e-type=\"container\">\n\t\t\t\t\t<div class=\"e-con-inner\">\n\t\t<div class=\"elementor-element elementor-element-8da35cf e-con-full sticky-sidebar e-flex e-con e-child\" data-id=\"8da35cf\" data-element_type=\"container\" data-e-type=\"container\">\n\t\t\t\t<div class=\"elementor-element elementor-element-fb16b6e elementor-widget elementor-widget-text-editor\" data-id=\"fb16b6e\" data-element_type=\"widget\" data-e-type=\"widget\" data-widget_type=\"text-editor.default\">\n\t\t\t\t\t\t\t\t\t\u041a\u043e\u043c\u043f\u0430\u043d\u0438\u044f AUGUST \u043d\u0430\u0447\u0430\u043b\u0430 \u0441\u0432\u043e\u044e \u0434\u0435\u044f\u0442\u0435\u043b\u044c\u043d\u043e\u0441\u0442\u044c \u0432 1998 \u0433\u043e\u0434\u0443 \u0441 \u0431\u043e\u043b\u044c\u0448\u0438\u043c\u0438 \u0430\u043c\u0431\u0438\u0446\u0438\u044f\u043c\u0438. \u0421\u0435\u0433\u043e\u0434\u043d\u044f \u043a\u043e\u043c\u043f\u0430\u043d\u0438\u044f \u044f\u0432\u043b\u044f\u0435\u0442\u0441\u044f \u043f\u0440\u0438\u0437\u043d\u0430\u043d\u043d\u044b\u043c \u043b\u0438\u0434\u0435\u0440\u043e\u043c \u0432 \u043e\u0431\u043b\u0430\u0441\u0442\u0438 \u043e\u0447\u0438\u0441\u0442\u043a\u0438 \u0441\u0442\u043e\u0447\u043d\u044b\u0445 \u0432\u043e\u0434, \u0430 \u0435\u0435 \u043f\u0440\u043e\u0434\u0443\u043a\u0446\u0438\u044f \u0438\u0441\u043f\u043e\u043b\u044c\u0437\u0443\u0435\u0442\u0441\u044f \u043f\u043e \u0432\u0441\u0435\u043c\u0443 \u043c\u0438\u0440\u0443.\n\t\t\t\t\t\t\t\t<\/div>\n\t\t\t\t<\/div>\n\t\t<div class=\"elementor-element elementor-element-36631a2 e-con-full e-flex e-con e-child\" data-id=\"36631a2\" data-element_type=\"container\" data-e-type=\"container\">\n\t\t\t\t<div class=\"elementor-element elementor-element-0287a81 elementor-widget elementor-widget-text-editor\" data-id=\"0287a81\" data-element_type=\"widget\" data-e-type=\"widget\" data-widget_type=\"text-editor.default\">\n\t\t\t\t\t\t\t\t\tAUGUST \u0443\u0434\u0435\u043b\u044f\u0435\u0442 \u0431\u043e\u043b\u044c\u0448\u043e\u0435 \u0432\u043d\u0438\u043c\u0430\u043d\u0438\u0435 \u043d\u0435\u043f\u0440\u0435\u0440\u044b\u0432\u043d\u043e\u043c\u0443 \u0442\u0435\u0445\u043d\u043e\u043b\u043e\u0433\u0438\u0447\u0435\u0441\u043a\u043e\u043c\u0443 \u0440\u0430\u0437\u0432\u0438\u0442\u0438\u044e \u0438 \u043f\u0440\u043e\u0438\u0437\u0432\u043e\u0434\u0441\u0442\u0432\u0443 \u043f\u0440\u043e\u0434\u0443\u043a\u0446\u0438\u0438 \u0442\u043e\u043b\u044c\u043a\u043e  \u0432\u044b\u0441\u043e\u0447\u0430\u0439\u0448\u0435\u0433\u043e \u043a\u0430\u0447\u0435\u0441\u0442\u0432\u0430. \u0414\u043e\u043b\u0433\u043e\u0432\u0435\u0447\u043d\u043e\u0441\u0442\u044c, \u0444\u0443\u043d\u043a\u0446\u0438\u043e\u043d\u0430\u043b\u044c\u043d\u043e\u0441\u0442\u044c, \u0438\u043d\u043d\u043e\u0432\u0430\u0446\u0438\u0438, \u0440\u0435\u0448\u0435\u043d\u0438\u044f, \u043f\u0440\u0435\u0432\u043e\u0441\u0445\u043e\u0434\u044f\u0449\u0438\u0435 \u0432\u0441\u0435 \u0431\u043e\u043b\u0435\u0435 \u0441\u0442\u0440\u043e\u0433\u0438\u0435 \u044d\u043a\u043e\u043b\u043e\u0433\u0438\u0447\u0435\u0441\u043a\u0438\u0435 \u0441\u0442\u0430\u043d\u0434\u0430\u0440\u0442\u044b \u0438 \u043c\u0438\u0440\u043e\u0432\u044b\u0435 \u0442\u0440\u0435\u0431\u043e\u0432\u0430\u043d\u0438\u044f, \u0430 \u044d\u0441\u0442\u0435\u0442\u0438\u043a\u0430, \u043e\u0442\u0432\u0435\u0447\u0430\u044e\u0449\u0430\u044f \u043e\u0436\u0438\u0434\u0430\u043d\u0438\u044f\u043c \u043a\u043b\u0438\u0435\u043d\u0442\u043e\u0432 \u2013 \u044d\u0442\u043e \u0432\u0438\u0437\u0438\u044f \u0438 \u0444\u0438\u043b\u043e\u0441\u043e\u0444\u0438\u044f AUGUST.\n<br><br>\n\u0421\u0435\u0433\u043e\u0434\u043d\u044f AUGUST \u044f\u0432\u043b\u044f\u0435\u0442\u0441\u044f \u043a\u0440\u0443\u043f\u043d\u0435\u0439\u0448\u0438\u043c \u043f\u0440\u043e\u0438\u0437\u0432\u043e\u0434\u0438\u0442\u0435\u043b\u0435\u043c \u043e\u0431\u043e\u0440\u0443\u0434\u043e\u0432\u0430\u043d\u0438\u044f \u0434\u043b\u044f \u043e\u0447\u0438\u0441\u0442\u043a\u0438 \u0441\u0442\u043e\u0447\u043d\u044b\u0445 \u0432\u043e\u0434 \u0432 \u0441\u0442\u0440\u0430\u043d\u0430\u0445 \u0411\u0430\u043b\u0442\u0438\u0438, \u043f\u0440\u0435\u0434\u043b\u0430\u0433\u0430\u044f \u0438\u043d\u0434\u0438\u0432\u0438\u0434\u0443\u0430\u043b\u044c\u043d\u044b\u0435 \u0440\u0435\u0448\u0435\u043d\u0438\u044f \u0432 \u0441\u043e\u043e\u0442\u0432\u0435\u0442\u0441\u0442\u0432\u0438\u0438 \u0441 \u043f\u043e\u0442\u0440\u0435\u0431\u043d\u043e\u0441\u0442\u044f\u043c\u0438 \u043a\u043e\u043d\u043a\u0440\u0435\u0442\u043d\u043e\u0433\u043e \u043a\u043b\u0438\u0435\u043d\u0442\u0430 \u0438 \u0443\u0441\u043b\u043e\u0432\u0438\u044f\u043c\u0438 \u043e\u043a\u0440\u0443\u0436\u0430\u044e\u0449\u0435\u0439 \u0441\u0440\u0435\u0434\u044b.\t\t\t\t\t\t\t\t<\/div>\n\t\t\t\t<\/div>\n\t\t\t\t\t<\/div>\n\t\t\t\t<\/div>\n\t\t<div class=\"elementor-element elementor-element-1c2d062 e-flex e-con-boxed e-con e-parent\" data-id=\"1c2d062\" data-element_type=\"container\" data-e-type=\"container\">\n\t\t\t\t\t<div class=\"e-con-inner\">\n\t\t<div class=\"elementor-element elementor-element-93d2372 e-con-full e-flex e-con e-child\" data-id=\"93d2372\" data-element_type=\"container\" data-e-type=\"container\">\n\t\t\t\t<div class=\"elementor-element elementor-element-2cd90b4 aleft elementor-widget-image-box wgl-image-box wgl-view-default elementor-widget elementor-widget-wgl-infobox\" data-id=\"2cd90b4\" data-element_type=\"widget\" data-e-type=\"widget\" data-widget_type=\"wgl-infobox.default\">\n\t\t\t\t<div class=\"elementor-widget-container\">\n\t\t\t\t\t<div class=\"wgl-infobox_bg_wrapper\"><\/div><div class=\"wgl-infobox\"><div class=\"wgl-infobox_wrapper wgl-layout-top\"><div class=\"content_wrapper\"><div class=\"wgl-infobox-title_wrapper\"><h3 class=\"wgl-infobox_title\"><span class=\"wgl-infobox_title-idle\"><span class=\"elementor-repeater-item-adb1e5f\">\u0412 \u043e\u0447\u0438\u0441\u0442\u043d\u044b\u0445 \u0441\u043e\u043e\u0440\u0443\u0436\u0435\u043d\u0438\u044f\u0445 \u043f\u0440\u0438\u043c\u0435\u043d\u044f\u0435\u0442\u0441\u044f \u043e\u0434\u0438\u043d \u0438\u0437 \u0441\u0430\u043c\u044b\u0445 \u044d\u043a\u043e\u043b\u043e\u0433\u0438\u0447\u0435\u0441\u043a\u0438 \u0447\u0438\u0441\u0442\u044b\u0445 \u043c\u0435\u0442\u043e\u0434\u043e\u0432 \u043e\u0447\u0438\u0441\u0442\u043a\u0438 \u0441\u0442\u043e\u0447\u043d\u044b\u0445 \u0432\u043e\u0434 \u2013 \u0431\u0438\u043e\u043b\u043e\u0433\u0438\u0447\u0435\u0441\u043a\u0438\u0439 \u043f\u0440\u043e\u0446\u0435\u0441\u0441, \u043d\u0435 \u0442\u0440\u0435\u0431\u0443\u044e\u0449\u0438\u0439 \u043f\u0440\u0438\u043c\u0435\u043d\u0435\u043d\u0438\u044f \u043a\u0430\u043a\u0438\u0445-\u043b\u0438\u0431\u043e \u0445\u0438\u043c\u0438\u043a\u0430\u0442\u043e\u0432. <\/span><\/span><\/h3><\/div><div class=\"wgl-infobox_bg_text\">01<\/div><\/div><\/div><\/div>\t\t\t\t<\/div>\n\t\t\t\t<\/div>\n\t\t\t\t<\/div>\n\t\t<div class=\"elementor-element elementor-element-53e833d e-con-full e-flex e-con e-child\" data-id=\"53e833d\" data-element_type=\"container\" data-e-type=\"container\">\n\t\t\t\t<div class=\"elementor-element elementor-element-6793683 aleft elementor-widget elementor-widget-wgl-infobox\" data-id=\"6793683\" data-element_type=\"widget\" data-e-type=\"widget\" data-widget_type=\"wgl-infobox.default\">\n\t\t\t\t<div class=\"elementor-widget-container\">\n\t\t\t\t\t<div class=\"wgl-infobox_bg_wrapper\"><\/div><div class=\"wgl-infobox\"><div class=\"wgl-infobox_wrapper\"><div class=\"content_wrapper\"><div class=\"wgl-infobox-title_wrapper\"><h3 class=\"wgl-infobox_title\"><span class=\"wgl-infobox_title-idle\"><span class=\"elementor-repeater-item-adb1e5f\">\u041c\u044b \u0440\u0430\u0431\u043e\u0442\u0430\u0435\u043c \u0432 \u0441\u043e\u043e\u0442\u0432\u0435\u0442\u0441\u0442\u0432\u0438\u0438 \u0441\u043e \u0441\u0442\u0430\u043d\u0434\u0430\u0440\u0442\u0430\u043c\u0438 \u043a\u0430\u0447\u0435\u0441\u0442\u0432\u0430 ISO 9001, \u043e\u0445\u0440\u0430\u043d\u044b \u043e\u043a\u0440\u0443\u0436\u0430\u044e\u0449\u0435\u0439 \u0441\u0440\u0435\u0434\u044b ISO 14001 \u0438 \u0443\u043f\u0440\u0430\u0432\u043b\u0435\u043d\u0438\u044f \u043e\u0445\u0440\u0430\u043d\u043e\u0439 \u0442\u0440\u0443\u0434\u0430 \u0438 \u0442\u0435\u0445\u043d\u0438\u043a\u043e\u0439 \u0431\u0435\u0437\u043e\u043f\u0430\u0441\u043d\u043e\u0441\u0442\u0438 ISO 45001. <\/span><\/span><\/h3><\/div><div class=\"wgl-infobox_bg_text\">02<\/div><\/div><\/div><\/div>\t\t\t\t<\/div>\n\t\t\t\t<\/div>\n\t\t\t\t<\/div>\n\t\t<div class=\"elementor-element elementor-element-c5834ac e-con-full e-flex e-con e-child\" data-id=\"c5834ac\" data-element_type=\"container\" data-e-type=\"container\">\n\t\t\t\t<div class=\"elementor-element elementor-element-12e645a aleft elementor-widget elementor-widget-wgl-infobox\" data-id=\"12e645a\" data-element_type=\"widget\" data-e-type=\"widget\" data-widget_type=\"wgl-infobox.default\">\n\t\t\t\t<div class=\"elementor-widget-container\">\n\t\t\t\t\t<div class=\"wgl-infobox_bg_wrapper\"><\/div><div class=\"wgl-infobox\"><div class=\"wgl-infobox_wrapper\"><div class=\"content_wrapper\"><div class=\"wgl-infobox-title_wrapper\"><h3 class=\"wgl-infobox_title\"><span class=\"wgl-infobox_title-idle\"><span class=\"elementor-repeater-item-adb1e5f\">\u041a\u0430\u0447\u0435\u0441\u0442\u0432\u043e \u043e\u0447\u0438\u0441\u0442\u043a\u0438 \u043f\u043e\u0434\u0442\u0432\u0435\u0440\u0436\u0434\u0430\u0435\u0442\u0441\u044f \u0441\u0435\u0440\u0442\u0438\u0444\u0438\u043a\u0430\u0442\u0430\u043c\u0438 \u043e\u0442 \u0432\u0441\u0435\u043c\u0438\u0440\u043d\u043e \u0438\u0437\u0432\u0435\u0441\u0442\u043d\u044b\u0445 \u043b\u0430\u0431\u043e\u0440\u0430\u0442\u043e\u0440\u0438\u0439.<\/span><\/span><\/h3><\/div><div class=\"wgl-infobox_bg_text\">03<\/div><\/div><\/div><\/div>\t\t\t\t<\/div>\n\t\t\t\t<\/div>\n\t\t\t\t<\/div>\n\t\t\t\t\t<\/div>\n\t\t\t\t<\/div>\n\t\t\t\t<\/div>","protected":false},"excerpt":{"rendered":"<p>Kas mes? Valome planet\u0105 nuo 1998m. AUGUST veikl\u0105 prad\u0117jo 1998 m. tur\u0117dama dideli\u0173 ambicij\u0173. \u0160iandien \u012fmon\u0117 yra pripa\u017einta nuotek\u0173 valymo srities lyder\u0117, o jos kuriami ir gaminami produktai naudojami visame pasaulyje. AUGUST didel\u012f d\u0117mes\u012f skiria nuolatinei technologij\u0173 pl\u0117trai ir tik auk\u0161\u010diausios kokyb\u0117s produkt\u0173 gamybai. Patvarumas, funkcionalumas, inovacijos, sprendimai, pranokstantys vis grie\u017etesnius aplinkosaugos standartus, ir estetika, [&hellip;]<\/p>\n","protected":false},"author":1,"featured_media":0,"parent":0,"menu_order":0,"comment_status":"closed","ping_status":"closed","template":"","meta":{"footnotes":""},"class_list":["post-247","page","type-page","status-publish","hentry"],"_links":{"self":[{"href":"https:\/\/bioinvesta.lt\/ru\/wp-json\/wp\/v2\/pages\/247","targetHints":{"allow":["GET"]}}],"collection":[{"href":"https:\/\/bioinvesta.lt\/ru\/wp-json\/wp\/v2\/pages"}],"about":[{"href":"https:\/\/bioinvesta.lt\/ru\/wp-json\/wp\/v2\/types\/page"}],"author":[{"embeddable":true,"href":"https:\/\/bioinvesta.lt\/ru\/wp-json\/wp\/v2\/users\/1"}],"replies":[{"embeddable":true,"href":"https:\/\/bioinvesta.lt\/ru\/wp-json\/wp\/v2\/comments?post=247"}],"version-history":[{"count":37,"href":"https:\/\/bioinvesta.lt\/ru\/wp-json\/wp\/v2\/pages\/247\/revisions"}],"predecessor-version":[{"id":3988,"href":"https:\/\/bioinvesta.lt\/ru\/wp-json\/wp\/v2\/pages\/247\/revisions\/3988"}],"wp:attachment":[{"href":"https:\/\/bioinvesta.lt\/ru\/wp-json\/wp\/v2\/media?parent=247"}],"curies":[{"name":"wp","href":"https:\/\/api.w.org\/{rel}","templated":true}]}}