{"id":3932,"date":"2026-02-03T12:11:10","date_gmt":"2026-02-03T12:11:10","guid":{"rendered":"https:\/\/bioinvesta.lt\/?post_type=product&#038;p=3932"},"modified":"2026-03-27T09:27:28","modified_gmt":"2026-03-27T09:27:28","slug":"ato-serija","status":"publish","type":"product","link":"https:\/\/bioinvesta.lt\/ru\/product\/ato-serija\/","title":{"rendered":"\u0441\u0435\u0440\u0438\u044f \u0410\u0422\u041e"},"content":{"rendered":"<div class=\"atkProductBlock\">\n<p><!-- PRIVALUMAI --><\/p>\n<section class=\"atkSection atkSection--benefits\">\n<div class=\"atkBenefitsTabs\">\n<article class=\"atkTab atkTab--c3 atkTab--imgLeft\">\n<div class=\"atkTabImg\"><img decoding=\"async\" src=\"http:\/\/bioinvesta.lt\/wp-content\/uploads\/2026\/02\/tee.png\" alt=\"\" \/><\/div>\n<div class=\"atkTabContent\">\n<p><span class=\"atkTag\">\u0441\u0435\u0440\u0438\u044f \u0410\u0422\u041e<\/span><\/p>\n<h3 class=\"atkH3\">\u041f\u0440\u0438\u043c\u0435\u043d\u0435\u043d\u0438\u0435 \u2013 \u043f\u0440\u0435\u0434\u043d\u0430\u0437\u043d\u0430\u0447\u0435\u043d\u043e \u0434\u043b\u044f \u043a\u0440\u0443\u043f\u043d\u044b\u0445 \u043e\u0431\u044a\u0435\u043a\u0442\u043e\u0432 (\u043e\u0442 30 \u0434\u043e 4000 \u0447\u0435\u043b\u043e\u0432\u0435\u043a \/ \u0438\u043b\u0438 \u043e\u0442 4,5 \u043c\u00b3\/\u043a\u00b3 \u0432 \u0441\u0443\u0442\u043a\u0438 \u0434\u043e 300 \u043c\u00b3\/\u043a\u00b3 \u0432 \u0441\u0443\u0442\u043a\u0438).<\/h3>\n<div style=\"display: flex; align-items: center; gap: 6px; flex-wrap: nowrap;\"><img decoding=\"async\" style=\"display: block; height: 60px; width: auto; object-fit: contain;\" src=\"http:\/\/bioinvesta.lt\/wp-content\/uploads\/2026\/02\/tee-1.png\" alt=\"\" \/><br \/>\n<img decoding=\"async\" style=\"display: block; height: 60px; width: auto; object-fit: contain;\" src=\"https:\/\/www.august.lt\/wp-content\/themes\/august\/assets\/images\/image-15.png\" alt=\"\" \/><br \/>\n<img decoding=\"async\" style=\"display: block; height: 60px; width: auto; object-fit: contain;\" src=\"https:\/\/www.august.lt\/wp-content\/themes\/august\/assets\/images\/CE.png\" alt=\"\" \/><br \/>\n<img decoding=\"async\" style=\"display: block; height: 60px; width: auto; object-fit: contain;\" src=\"https:\/\/www.august.lt\/wp-content\/themes\/august\/assets\/images\/Metu-gaminys.png\" alt=\"\" \/><\/div>\n<\/div>\n<\/article>\n<\/div>\n<p><!-- KOMPLEKTACIJA --><\/p>\n<section class=\"atkSection atkSection--complect\">\n<h2 class=\"atkH2\">\u041f\u043e\u043b\u043d\u044b\u0439 \u043a\u043e\u043c\u043f\u043b\u0435\u043a\u0442<\/h2>\n<div class=\"atkScrollRow atkCards\">\n<article class=\"atkCard\">\n<div class=\"atkCardImg\"><img decoding=\"async\" src=\"https:\/\/www.august.lt\/wp-content\/uploads\/2025\/09\/komplektacija-ATK.png\" alt=\"Nuotek\u0173 valymo \u012frenginys\" \/><\/div>\n<h6 class=\"atkH6\">\u041e\u0447\u0438\u0441\u0442\u043d\u043e\u0435 \u0441\u043e\u043e\u0440\u0443\u0436\u0435\u043d\u0438\u0435<\/h6>\n<\/article>\n<article class=\"atkCard\">\n<div class=\"atkCardImg\"><img decoding=\"async\" src=\"https:\/\/www.august.lt\/wp-content\/uploads\/2025\/01\/basic1.png\" alt=\"AUGUST valdiklis\" \/><\/div>\n<h6 class=\"atkH6\">\u0410\u0412\u0413\u0423\u0421\u0422 \u043a\u043e\u043d\u0442\u0440\u043e\u043b\u043b\u0435\u0440<\/h6>\n<\/article>\n<article class=\"atkCard\">\n<div class=\"atkCardImg\"><img decoding=\"async\" src=\"https:\/\/www.august.lt\/wp-content\/uploads\/2025\/01\/komplektacija-oraputes_talpa-1.png\" alt=\"Orap\u016bt\u0117s talpykla\" \/><\/div>\n<h6 class=\"atkH6\">\u0420\u0435\u0437\u0435\u0440\u0432\u0443\u0430\u0440 \u0432\u043e\u0437\u0434\u043e\u0445\u043e\u0434\u0443\u0432\u043a\u0438<\/h6>\n<\/article>\n<article class=\"atkCard\">\n<div class=\"atkCardImg\"><img decoding=\"async\" src=\"https:\/\/www.august.lt\/wp-content\/uploads\/2025\/01\/komplektacija-atk-dangtis.png\" alt=\"Dangtis\" \/><\/div>\n<h6 class=\"atkH6\">\u041a\u0440\u044b\u0448\u043a\u0430<\/h6>\n<\/article>\n<article class=\"atkCard\">\n<div class=\"atkCardImg\"><img decoding=\"async\" src=\"https:\/\/www.august.lt\/wp-content\/uploads\/2024\/12\/orapute.png\" alt=\"Orap\u016bt\u0117\" \/><\/div>\n<h6 class=\"atkH6\">B\u043e\u0437\u0434\u0443\u0445\u043e\u0434\u0443\u0432\u043a\u0430<\/h6>\n<\/article>\n<\/div>\n<\/section>\n<p><!-- keep your existing two cards as-is --><\/p>\n<div class=\"atkTwoCards atkTwoCardsNew\">\n<article class=\"atkHalfCard\">\n<div class=\"atkHalfCardImg\"><img decoding=\"async\" src=\"https:\/\/www.august.lt\/wp-content\/uploads\/2025\/01\/basic.png\" alt=\"\" \/><\/div>\n<div class=\"atkHalfCardContent\">\n<p><span class=\"atkTag\">\u0410\u0412\u0413\u0423\u0421\u0422 \u043a\u043e\u043d\u0442\u0440\u043e\u043b\u043b\u0435\u0440<\/span><\/p>\n<h3 class=\"atkHalfCardTitle\">\u041a\u043e\u043d\u0442\u0440\u043e\u043b\u043b\u0435\u0440 \u043f\u0440\u0435\u0434\u043d\u0430\u0437\u043d\u0430\u0447\u0435\u043d \u0434\u043b\u044f \u0443\u043f\u0440\u0430\u0432\u043b\u0435\u043d\u0438\u044f \u043f\u0440\u043e\u0446\u0435\u0441\u0441\u0430\u043c\u0438 \u0430\u044d\u0440\u0430\u0446\u0438\u0438, \u0440\u0435\u0446\u0438\u0440\u043a\u0443\u043b\u044f\u0446\u0438\u0438, \u0443\u0441\u0442\u0430\u043d\u043e\u0432\u043a\u0438 \u0440\u0435\u0436\u0438\u043c\u043e\u0432 \u0440\u0430\u0431\u043e\u0442\u044b\/\u043e\u0442\u043f\u0443\u0441\u043a\u0430 \u0432 \u043e\u0447\u0438\u0441\u0442\u043d\u044b\u0445 \u0441\u043e\u043e\u0440\u0443\u0436\u0435\u043d\u0438\u044f\u0445 \u0441\u0435\u0440\u0438\u0438 AT.<\/h3>\n<\/div>\n<\/article>\n<article class=\"atkHalfCard\">\n<div class=\"atkHalfCardImg\"><img decoding=\"async\" src=\"https:\/\/www.august.lt\/wp-content\/uploads\/2025\/01\/gamykliniu.png\" alt=\"\" \/><\/div>\n<div class=\"atkHalfCardContent\">\n<p><span class=\"atkTag\">\u0421 \u0410\u0412\u0413\u0423\u0421\u0422OM \u043d\u0438\u043a\u0430\u043a\u0438\u0445 \u043f\u0440\u043e\u0431\u043b\u0435\u043c!<\/span><\/p>\n<h3 class=\"atkHalfCardTitle\">\u0423\u0441\u0442\u0440\u043e\u0439\u0441\u0442\u0432\u043e \u043d\u0435 \u0438\u043c\u0435\u0435\u0442 \u0434\u0432\u0438\u0436\u0443\u0449\u0438\u0445\u0441\u044f \u043c\u0435\u0445\u0430\u043d\u0438\u0447\u0435\u0441\u043a\u0438\u0445 \u0447\u0430\u0441\u0442\u0435\u0439, \u043f\u043e\u044d\u0442\u043e\u043c\u0443 \u0432\u0435\u0440\u043e\u044f\u0442\u043d\u043e\u0441\u0442\u044c \u043f\u043e\u043b\u043e\u043c\u043a\u0438 \u0438\u0441\u043a\u043b\u044e\u0447\u0435\u043d\u0430.<\/h3>\n<\/div>\n<\/article>\n<\/div>\n<\/section>\n<p><!-- PAPILDOMA KOMPLEKTACIJA --><\/p>\n<section class=\"atkSection atkSection--extra\">\n<h2 class=\"atkH2\">\u0414\u043e\u043f\u043e\u043b\u043d\u0438\u0442\u0435\u043b\u044c\u043d\u043e\u0435 \u043e\u0431\u043e\u0440\u0443\u0434\u043e\u0432\u0430\u043d\u0438\u0435<\/h2>\n<div class=\"atkExtraGrid atkExtraGridNew\">\n<article class=\"atkExtraBig atkExtraBig--tint1\">\n<div class=\"atkExtraBigImg\"><img decoding=\"async\" src=\"https:\/\/www.august.lt\/wp-content\/uploads\/2025\/09\/AT-controller-gsm.png\" alt=\"BASIC GSM \u2013 Valdiklis su papildomu GSM moduliu\" \/><\/div>\n<div class=\"atkExtraBigContent\">\n<p><span class=\"atkTag\">\u0411\u0430\u0437\u043e\u0432\u044b\u0439 GSM-\u043a\u043e\u043d\u0442\u0440\u043e\u043b\u043b\u0435\u0440 \u0441 \u0434\u043e\u043f\u043e\u043b\u043d\u0438\u0442\u0435\u043b\u044c\u043d\u044b\u043c GSM-\u043c\u043e\u0434\u0443\u043b\u0435\u043c<\/span><\/p>\n<p class=\"atkP\">\u0411\u043b\u0430\u0433\u043e\u0434\u0430\u0440\u044f \u0432\u0441\u0442\u0440\u043e\u0435\u043d\u043d\u043e\u043c\u0443 GSM-\u043c\u043e\u0434\u0443\u043b\u044e \u0432\u044b \u043c\u043e\u0436\u0435\u0442\u0435 \u0431\u044b\u0442\u044c \u0441\u043f\u043e\u043a\u043e\u0439\u043d\u044b \u2014 \u0432\u0441\u0435 \u0432\u0430\u0436\u043d\u044b\u0435 \u044d\u043a\u0441\u0442\u0440\u0435\u043d\u043d\u044b\u0435 \u0441\u043e\u043e\u0431\u0449\u0435\u043d\u0438\u044f \u0441 \u0443\u0441\u0442\u0440\u043e\u0439\u0441\u0442\u0432\u0430 \u0431\u0443\u0434\u0443\u0442 \u043d\u0435\u043c\u0435\u0434\u043b\u0435\u043d\u043d\u043e \u043f\u043e\u0441\u0442\u0443\u043f\u0430\u0442\u044c \u043d\u0430 \u0432\u0430\u0448 \u0442\u0435\u043b\u0435\u0444\u043e\u043d, \u0433\u0434\u0435 \u0431\u044b \u0432\u044b \u043d\u0438 \u043d\u0430\u0445\u043e\u0434\u0438\u043b\u0438\u0441\u044c.<\/p>\n<\/div>\n<\/article>\n<article class=\"atkExtraBig atkExtraBig--tint2\">\n<div class=\"atkExtraBigImg\"><img decoding=\"async\" src=\"https:\/\/www.august.lt\/wp-content\/uploads\/2024\/12\/paaukstinimas.png\" alt=\"Paauk\u0161tinimo \u017eiedas\" \/><\/div>\n<div class=\"atkExtraBigContent\">\n<p><span class=\"atkTag\">\u041a\u043e\u043b\u044c\u0446\u043e \u0443\u0432\u0435\u043b\u0438\u0447\u0435\u043d\u0438\u044f<\/span><\/p>\n<p class=\"atkP\">\u041d\u0430\u0441\u0430\u0434\u043a\u0430 \u0434\u043b\u044f \u0443\u0432\u0435\u043b\u0438\u0447\u0435\u043d\u0438\u044f \u0432\u044b\u0441\u043e\u0442\u044b \u043e\u0447\u0438\u0441\u0442\u043d\u044b\u0445 \u0441\u043e\u043e\u0440\u0443\u0436\u0435\u043d\u0438\u0439 \u0441\u0442\u043e\u0447\u043d\u044b\u0445 \u0432\u043e\u0434.<\/p>\n<\/div>\n<\/article>\n<\/div>\n<\/section>\n<\/div>","protected":false},"excerpt":{"rendered":"<div class=\"wrapper atkDesc\">\n<div class=\"content\">\n<p class=\"para cp-fade\">ATK serija sukurta tam, kad j\u016bs\u0173 kiemas b\u016bt\u0173 ne tik gra\u017eus, bet ir prakti\u0161kas. Unikali funkcija \u2013 viskas po vienu dang\u010diu: orap\u016bt\u0117 ir i\u0161manusis valdiklis integruoti \u012frenginio viduje. \u012erenginiai montuojami \u017eem\u0117s pavir\u0161iaus lygyje, tod\u0117l visi\u0161kai netrukdo aplinkos prie\u017ei\u016brai. Tokia konstrukcija leid\u017eia patogiai pjauti \u017eol\u0119 tiek \u017eoliapjove, tiek robotu, nes nereikia jaudintis d\u0117l kli\u016b\u010di\u0173. AT6K skirtas vasarnami\u0173, sodyb\u0173 buitini\u0173 nuotek\u0173 valymui.<\/p>\n<div class=\"personAndMeter cp-fade atkMeta\">\n<div><img decoding=\"async\" src=\"https:\/\/www.august.lt\/wp-content\/themes\/august\/assets\/icons\/Group 164.svg\" alt=\"\" \/><span>1 &#8211; 4 gyventoj\u0173<\/span><\/div>\n<div><img decoding=\"async\" src=\"https:\/\/www.august.lt\/wp-content\/themes\/august\/assets\/icons\/Group 166 (1).svg\" alt=\"\" \/><span>na\u0161umas (m<sup>3<\/sup>\/par\u0105) 0.6<\/span><\/div>\n<\/div>\n<div class=\"brandsImgs cp-fade atkBrands\"><img decoding=\"async\" src=\"https:\/\/www.august.lt\/wp-content\/themes\/august\/assets\/images\/Frame 9.png\" alt=\"\" \/><img decoding=\"async\" src=\"https:\/\/www.august.lt\/wp-content\/themes\/august\/assets\/images\/image-15.png\" alt=\"\" \/><img decoding=\"async\" src=\"https:\/\/www.august.lt\/wp-content\/themes\/august\/assets\/images\/CE.png\" alt=\"\" \/><img decoding=\"async\" src=\"https:\/\/www.august.lt\/wp-content\/themes\/august\/assets\/images\/Metu-gaminys.png\" alt=\"\" \/><\/div>\n<\/div>\n<\/div>","protected":false},"featured_media":3802,"comment_status":"open","ping_status":"closed","template":"","meta":[],"product_brand":[],"product_cat":[15],"product_tag":[],"class_list":{"0":"post-3932","1":"product","2":"type-product","3":"status-publish","4":"has-post-thumbnail","6":"product_cat-be-kategorijos","8":"first","9":"instock","10":"virtual","11":"product-type-simple"},"_links":{"self":[{"href":"https:\/\/bioinvesta.lt\/ru\/wp-json\/wp\/v2\/product\/3932","targetHints":{"allow":["GET"]}}],"collection":[{"href":"https:\/\/bioinvesta.lt\/ru\/wp-json\/wp\/v2\/product"}],"about":[{"href":"https:\/\/bioinvesta.lt\/ru\/wp-json\/wp\/v2\/types\/product"}],"replies":[{"embeddable":true,"href":"https:\/\/bioinvesta.lt\/ru\/wp-json\/wp\/v2\/comments?post=3932"}],"wp:featuredmedia":[{"embeddable":true,"href":"https:\/\/bioinvesta.lt\/ru\/wp-json\/wp\/v2\/media\/3802"}],"wp:attachment":[{"href":"https:\/\/bioinvesta.lt\/ru\/wp-json\/wp\/v2\/media?parent=3932"}],"wp:term":[{"taxonomy":"product_brand","embeddable":true,"href":"https:\/\/bioinvesta.lt\/ru\/wp-json\/wp\/v2\/product_brand?post=3932"},{"taxonomy":"product_cat","embeddable":true,"href":"https:\/\/bioinvesta.lt\/ru\/wp-json\/wp\/v2\/product_cat?post=3932"},{"taxonomy":"product_tag","embeddable":true,"href":"https:\/\/bioinvesta.lt\/ru\/wp-json\/wp\/v2\/product_tag?post=3932"}],"curies":[{"name":"wp","href":"https:\/\/api.w.org\/{rel}","templated":true}]}}